{"id":13308,"date":"2023-10-12T22:56:55","date_gmt":"2023-10-12T22:56:55","guid":{"rendered":"https:\/\/fiu.rks-gov.net\/sanctions\/?page_id=956"},"modified":"2024-03-29T00:24:18","modified_gmt":"2024-03-28T22:24:18","slug":"lists-of-sanctions","status":"publish","type":"page","link":"https:\/\/fiu.rks-gov.net\/sanctions\/sr\/lists-of-sanctions\/","title":{"rendered":"Liste Sankcija"},"content":{"rendered":"\t\t<div data-elementor-type=\"wp-page\" data-elementor-id=\"13308\" class=\"elementor elementor-13308\" data-elementor-post-type=\"page\">\n\t\t\t\t<div class=\"elementor-element elementor-element-703f7d9 e-flex e-con-boxed e-con e-parent\" data-id=\"703f7d9\" data-element_type=\"container\" data-settings=\"{&quot;content_width&quot;:&quot;boxed&quot;}\" data-core-v316-plus=\"true\">\n\t\t\t\t\t<div class=\"e-con-inner\">\n\t\t\t\t<div class=\"elementor-element elementor-element-a133d7c elementor-widget elementor-widget-heading\" data-id=\"a133d7c\" data-element_type=\"widget\" data-widget_type=\"heading.default\">\n\t\t\t\t<div class=\"elementor-widget-container\">\n\t\t\t<style>\/*! elementor - v3.19.0 - 07-02-2024 *\/\n.elementor-heading-title{padding:0;margin:0;line-height:1}.elementor-widget-heading .elementor-heading-title[class*=elementor-size-]>a{color:inherit;font-size:inherit;line-height:inherit}.elementor-widget-heading .elementor-heading-title.elementor-size-small{font-size:15px}.elementor-widget-heading .elementor-heading-title.elementor-size-medium{font-size:19px}.elementor-widget-heading .elementor-heading-title.elementor-size-large{font-size:29px}.elementor-widget-heading .elementor-heading-title.elementor-size-xl{font-size:39px}.elementor-widget-heading .elementor-heading-title.elementor-size-xxl{font-size:59px}<\/style><h1 class=\"elementor-heading-title elementor-size-default\">Liste sankcija<\/h1>\t\t<\/div>\n\t\t\t\t<\/div>\n\t\t\t\t<div class=\"elementor-element elementor-element-5854681 elementor-widget elementor-widget-text-editor\" data-id=\"5854681\" data-element_type=\"widget\" data-widget_type=\"text-editor.default\">\n\t\t\t\t<div class=\"elementor-widget-container\">\n\t\t\t<style>\/*! elementor - v3.19.0 - 07-02-2024 *\/\n.elementor-widget-text-editor.elementor-drop-cap-view-stacked .elementor-drop-cap{background-color:#69727d;color:#fff}.elementor-widget-text-editor.elementor-drop-cap-view-framed .elementor-drop-cap{color:#69727d;border:3px solid;background-color:transparent}.elementor-widget-text-editor:not(.elementor-drop-cap-view-default) .elementor-drop-cap{margin-top:8px}.elementor-widget-text-editor:not(.elementor-drop-cap-view-default) .elementor-drop-cap-letter{width:1em;height:1em}.elementor-widget-text-editor .elementor-drop-cap{float:left;text-align:center;line-height:1;font-size:50px}.elementor-widget-text-editor .elementor-drop-cap-letter{display:inline-block}<\/style>\t\t\t\t<p>Finansijsko-obave\u0161tajna jedinica na ovoj veb stranici odr\u017eava informacije o subjektima sankcija \u2013 spiskove fizi\u010dkih ili pravnih lica ili drugih identifikovanih subjekata za koje je navedeno:<br \/><br \/><\/p><ul><li>Me\u0111unarodne sankcije*: ograni\u010denja nametnuta na predmet sankcija u skladu sa me\u0111unarodnim pravom, odobrena od strane Ujedinjenih nacija ili Evropske unije, ili druge me\u0111unarodne organizacije, a koja se primenjuju ili primenjuju direktno na Kosovo. u skladu sa Zakonom o me\u0111unarodnim sankcijama i nacionalnim sankcijama Republike Kosovo; ILI<br \/><br \/><\/li><li>Nacionalne sankcije: u skladu sa zakonskim aktima Republike Kosovo i me\u0111unarodnim pravom, namec\u0301u se ograni\u010denja na predmet sankcija, koje je utvrdila Vlada Kosova, po procedurama predvi\u0111enim Zakonom o me\u0111unarodnim sankcijama i nacionalnim sankcijama. Sankcije Republike Kosovo.<br \/><br \/><\/li><\/ul><p>Po\u0161to se sankcije koje su uvele Ujedinjene nacije ili Evropska unija moraju primeniti iu slu\u010dajevima navedenim u Zakonu o me\u0111unarodnim sankcijama i nacionalnim sankcijama Republike Kosovo, Finansijsko-obave\u0161tajna jedinica pru\u017ea linkove ka poznatim listama sankcija UN\/EU. Treba napomenuti da sankcione liste koje se vode na ovom sajtu ne sadr\u017ee informacije o ograni\u010denjima u prometu robe od strate\u0161kog zna\u010daja i drugih dobara, kao ni takozvane \u201esektorske sankcije\u201c. Ove liste sadr\u017ee samo informacije o predmetu sankcija protiv kojih su izre\u010dena finansijska ograni\u010denja, odnosno ciljane finansijske sankcije.<\/p>\t\t\t\t\t\t<\/div>\n\t\t\t\t<\/div>\n\t\t\t\t\t<\/div>\n\t\t\t\t<\/div>\n\t\t\t\t<\/div>\n\t\t","protected":false},"excerpt":{"rendered":"<p>Liste sankcija Finansijsko-obave\u0161tajna jedinica na ovoj veb stranici odr\u017eava informacije o subjektima sankcija \u2013 spiskove fizi\u010dkih ili pravnih lica ili drugih identifikovanih subjekata za koje je navedeno: Me\u0111unarodne sankcije*: ograni\u010denja nametnuta na predmet sankcija u skladu sa me\u0111unarodnim pravom, odobrena od strane Ujedinjenih nacija ili Evropske unije, ili druge me\u0111unarodne organizacije, a koja se primenjuju [&hellip;]<\/p>\n","protected":false},"author":1,"featured_media":0,"parent":0,"menu_order":0,"comment_status":"closed","ping_status":"closed","template":"","meta":{"footnotes":""},"acf":[],"lang":"sr","translations":{"sr":13308,"en":956,"sq":13307},"pll_sync_post":[],"_links":{"self":[{"href":"https:\/\/fiu.rks-gov.net\/sanctions\/wp-json\/wp\/v2\/pages\/13308"}],"collection":[{"href":"https:\/\/fiu.rks-gov.net\/sanctions\/wp-json\/wp\/v2\/pages"}],"about":[{"href":"https:\/\/fiu.rks-gov.net\/sanctions\/wp-json\/wp\/v2\/types\/page"}],"author":[{"embeddable":true,"href":"https:\/\/fiu.rks-gov.net\/sanctions\/wp-json\/wp\/v2\/users\/1"}],"replies":[{"embeddable":true,"href":"https:\/\/fiu.rks-gov.net\/sanctions\/wp-json\/wp\/v2\/comments?post=13308"}],"version-history":[{"count":5,"href":"https:\/\/fiu.rks-gov.net\/sanctions\/wp-json\/wp\/v2\/pages\/13308\/revisions"}],"predecessor-version":[{"id":69425,"href":"https:\/\/fiu.rks-gov.net\/sanctions\/wp-json\/wp\/v2\/pages\/13308\/revisions\/69425"}],"wp:attachment":[{"href":"https:\/\/fiu.rks-gov.net\/sanctions\/wp-json\/wp\/v2\/media?parent=13308"}],"curies":[{"name":"wp","href":"https:\/\/api.w.org\/{rel}","templated":true}]}}